{"id":866,"date":"2024-04-21T14:07:43","date_gmt":"2024-04-21T14:07:43","guid":{"rendered":"https:\/\/sosaero.com\/?page_id=866"},"modified":"2024-04-21T18:32:23","modified_gmt":"2024-04-21T18:32:23","slug":"mentions-legales","status":"publish","type":"page","link":"https:\/\/sosaero.com\/de\/rechtshinweise\/","title":{"rendered":"Rechtlicher Hinweis"},"content":{"rendered":"<p>Erfahren Sie mehr \u00fcber unsere Gesch\u00e4ftsbedingungen und Vereinbarungen im Zusammenhang mit unseren rechtlichen Hinweisen.<\/p>\n\n\n\n<p>Durch den Zugriff auf diese Website akzeptieren Sie diese Nutzungsbedingungen vorbehaltlos. Die Administratoren dieser Website, sosaero.com, sind:<\/p>\n\n\n\n<p><br><strong>Adresse :<\/strong> 44, Rue des h\u00f4pitaux, Quartier des h\u00f4pitaux 20360 Casablanca, Marokko<br><strong>Telefon :<\/strong> 05 22 20 20 20<br><strong>E-Mail:<\/strong> contact@osaero.com<br><strong>Webseite: <\/strong>sosaero.com<\/p>\n\n\n\n<p><strong>Hosting-Anbieter:<\/strong> Gastgeber<br><strong>Adresse :<\/strong> \u0160vitrigailos str. 34, Vilnius 03230 Litauen<br><strong>Webseite:<\/strong> www.hostinger.com<\/p>\n\n\n\n<p>F\u00fcr ein optimales Benutzererlebnis empfehlen wir die Verwendung moderner Browser wie Google Chrome, Firefox, Microsoft Edge usw.<\/p>\n\n\n\n<p>Das Ministerium f\u00fcr Industrie, Handel und Gr\u00fcne und Digitale Wirtschaft ist stets bem\u00fcht, die Zuverl\u00e4ssigkeit und Richtigkeit der Informationen auf seinen Webseiten zu gew\u00e4hrleisten. Dennoch k\u00f6nnen Fehler oder Auslassungen vorkommen. Nutzer sollten daher die Richtigkeit der Informationen bei der Kommunikationsabteilung des Ministeriums \u00fcberpr\u00fcfen und alle von ihnen als notwendig erachteten \u00c4nderungen an der Webseite melden.<\/p>\n\n\n\n<p>Wir \u00fcbernehmen keinerlei Verantwortung f\u00fcr die Verwendung dieser Informationen und f\u00fcr jegliche direkte oder indirekte Sch\u00e4den, die daraus entstehen k\u00f6nnen.<\/p>\n\n\n\n<p>Die Websites k\u00f6nnen Links zu anderen Websites oder Ressourcen im Internet enthalten. Das Ministerium f\u00fcr Industrie, Handel und Gr\u00fcne und Digitale Wirtschaft hat keine Kontrolle \u00fcber die verlinkten Websites. Es ist weder f\u00fcr die Verf\u00fcgbarkeit solcher externen Websites und Ressourcen verantwortlich noch \u00fcbernimmt es daf\u00fcr eine Gew\u00e4hr. Das Ministerium haftet nicht f\u00fcr Sch\u00e4den jeglicher Art, die durch die Inhalte dieser externen Websites oder Ressourcen entstehen, insbesondere nicht f\u00fcr die dort angebotenen Informationen, Produkte oder Dienstleistungen oder deren Nutzung. Die mit der Nutzung verbundenen Risiken tr\u00e4gt allein der Nutzer, der die jeweiligen Nutzungsbedingungen einhalten muss.<\/p>\n\n\n\n<p>Nutzer, Abonnenten und Besucher der Websites d\u00fcrfen ohne die ausdr\u00fcckliche vorherige Genehmigung des Ministeriums f\u00fcr Industrie, Handel und Gr\u00fcne und Digitale Wirtschaft keinen Hyperlink zu dieser Website einrichten.<\/p>\n\n\n\n<p>M\u00f6chte ein Nutzer oder Besucher einen Hyperlink zu einer der Webseiten des Ministeriums f\u00fcr Industrie, Handel und Gr\u00fcne und Digitale Wirtschaft erstellen, muss er eine E-Mail an die auf der Webseite angegebene Adresse senden und um Genehmigung bitten. Das Ministerium f\u00fcr Industrie, Handel und Gr\u00fcne und Digitale Wirtschaft beh\u00e4lt sich das Recht vor, Hyperlink-Anfragen ohne Angabe von Gr\u00fcnden anzunehmen oder abzulehnen.<\/p>\n\n\n\n<h3 class=\"wp-block-heading\"><strong>Vertragliche Beschr\u00e4nkungen des Datenverkehrs:<\/strong><\/h3>\n\n\n\n<p>Die Informationen auf dieser Website sind so genau wie m\u00f6glich und werden im Laufe des Jahres mehrmals aktualisiert. Dennoch k\u00f6nnen Fehler oder Auslassungen auftreten. Sollten Sie Fehler, Auslassungen oder Funktionsst\u00f6rungen feststellen, melden Sie diese bitte per E-Mail an contact@sosaero.com und beschreiben Sie das Problem so genau wie m\u00f6glich (betroffene Seite, verwendeter Computer und Browser usw.).<\/p>\n\n\n\n<p>Alle heruntergeladenen Inhalte erfolgen auf eigenes Risiko und unter alleiniger Verantwortung des Nutzers. Daher haftet die Website nicht f\u00fcr Sch\u00e4den am Computer des Nutzers oder Datenverluste, die durch den Download entstehen. Der Nutzer verpflichtet sich au\u00dferdem, die Website mit aktueller, virenfreier Hardware und einem aktuellen Browser zu nutzen.<\/p>\n\n\n\n<p>Die im Rahmen dieser Website eingerichteten Hyperlinks zu anderen Ressourcen im Internetnetzwerk begr\u00fcnden keine Verantwortung seitens des Ministeriums f\u00fcr Industrie, Handel und Gr\u00fcne und Digitale Wirtschaft.<\/p>\n\n\n\n<p>S\u00e4mtliche Inhalte der Website mcinet.gov.ma, einschlie\u00dflich, aber nicht beschr\u00e4nkt auf Grafiken, Bilder, Texte, Videos, Animationen, Audio, Logos, GIFs und Icons sowie deren Formatierung, sind ausschlie\u00dfliches Eigentum des Ministeriums, mit Ausnahme von Marken, Logos, Fotos, grafischen Elementen oder Inhalten, die anderen Partnern oder Autoren geh\u00f6ren.<\/p>\n\n\n\n<p>Jegliche Vervielf\u00e4ltigung, Verbreitung, \u00c4nderung, Anpassung, Weiterleitung oder Ver\u00f6ffentlichung dieser Elemente, auch auszugsweise, ist ohne die ausdr\u00fcckliche schriftliche Genehmigung des Ministeriums f\u00fcr Industrie, Handel und Gr\u00fcne und Digitale Wirtschaft strengstens untersagt. Jede derartige Darstellung oder Vervielf\u00e4ltigung, gleich auf welchem Wege, stellt eine Urheberrechtsverletzung dar und ist nach geltendem Recht strafbar. Die Nichtbeachtung dieses Verbots stellt eine Urheberrechtsverletzung dar und kann zivil- und strafrechtliche Folgen f\u00fcr den Verletzer nach sich ziehen.<\/p>\n\n\n\n<p>Gem\u00e4\u00df geltendem Recht wurde diese Website dem marokkanischen Zentrum f\u00fcr die Meldung und das Management von Computervorf\u00e4llen gemeldet.<\/p>\n\n\n\n<p><strong>Diese rechtlichen Hinweise unterliegen marokkanischem Recht.<\/strong><\/p>\n\n\n\n<p>Grunds\u00e4tzlich k\u00f6nnen Sie die Website sosaero.com besuchen, ohne personenbezogene Daten anzugeben. Um Ihre Bed\u00fcrfnisse jedoch besser zu erf\u00fcllen, kann das Ministerium f\u00fcr Industrie, Handel und Gr\u00fcne und Digitale Wirtschaft Sie um die Angabe personenbezogener Daten bitten, beispielsweise f\u00fcr die Korrespondenz oder die Bearbeitung einer Buchungsanfrage.<\/p>\n\n\n\n<p>Dies kann insbesondere Ihre Kontaktdaten (Name, Adresse, Telefonnummer, E-Mail-Adresse usw.) umfassen.<\/p>\n\n\n\n<p>Die auf der Website sosaero.com gesammelten Informationen werden ausschlie\u00dflich f\u00fcr den internen Gebrauch verwendet.<\/p>\n\n\n\n<p>Der Empf\u00e4nger Ihrer personenbezogenen Daten ist ausschlie\u00dflich auf diejenigen Personen beschr\u00e4nkt, die aufgrund ihrer Funktionen berechtigt sind, Ihre Daten einzusehen.<\/p>\n\n\n\n<p>Das Ministerium f\u00fcr Industrie, Handel und Gr\u00fcne und Digitale Wirtschaft kann Ihre personenbezogenen Daten an autorisierte Dritte weitergeben, die mit der Bearbeitung Ihrer Anfrage beauftragt sind. Diese Dritten sind vertraglich verpflichtet, die Vertraulichkeit und Sicherheit der ihnen \u00fcbermittelten Daten zu wahren und diese ausschlie\u00dflich f\u00fcr die ihnen \u00fcbertragenen Aufgaben zu verwenden.<\/p>\n\n\n\n<p>Gem\u00e4\u00df Gesetz Nr. 09-08, erlassen vom 18. Februar 2009 durch den Dahir 1-09-15, zum Schutz nat\u00fcrlicher Personen bei der Verarbeitung personenbezogener Daten haben Sie das Recht auf Auskunft und Berichtigung Ihrer personenbezogenen Daten. Um diese Rechte auszu\u00fcben, wenden Sie sich bitte an:<\/p>\n\n\n\n<p><br><strong>Adresse :<\/strong> 44, Rue des h\u00f4pitaux, Quartier des h\u00f4pitaux 20360 Casablanca, Marokko<br><strong>Telefon :<\/strong> 05 22 20 20 20<br><strong>E-Mail:<\/strong> contact@osaero.com<br><strong>Webseite: <\/strong>sosaero.com<\/p>\n\n\n\n<p>Sie k\u00f6nnen aus berechtigten Gr\u00fcnden auch der Verarbeitung Ihrer personenbezogenen Daten widersprechen.<\/p>\n\n\n\n<p>Cookies werden verwendet, um Informationen auf Ihrem Computer zu sammeln und Ihre Verbindung zu optimieren sowie Ihre Nutzung der Website zu personalisieren. Wenn Sie Cookies ablehnen, k\u00f6nnen Sie m\u00f6glicherweise bestimmte Funktionen der Website nicht nutzen. Sie k\u00f6nnen Ihren Browser jedoch so einstellen, dass er Cookies ablehnt.<\/p>\n\n\n\n<p>Einige Formulare auf der Website sind optional. Sie k\u00f6nnen diese unbeantwortet lassen. Andere Formulare m\u00fcssen ausgef\u00fcllt werden, damit wir Ihre Anfrage bearbeiten k\u00f6nnen.<\/p>\n\n\n\n<p>Gem\u00e4\u00df Gesetz 08-09 vom 18. Februar 2009 zum Schutz nat\u00fcrlicher Personen bei der Verarbeitung personenbezogener Daten haben Sie das Recht auf Auskunft und Berichtigung Ihrer Daten, das Sie aus\u00fcben k\u00f6nnen, indem Sie uns unter folgender Adresse schreiben:<\/p>\n\n\n\n<p><br><strong>Adresse :<\/strong> 44, Rue des h\u00f4pitaux, Quartier des h\u00f4pitaux 20360 Casablanca, Marokko<br><strong>Telefon :<\/strong> 05 22 20 20 20<br><strong>E-Mail:<\/strong> contact@osaero.com<br><strong>Webseite: <\/strong>sosaero.com<\/p>","protected":false},"excerpt":{"rendered":"<p>En savoir plus sur nos conditions et accords li\u00e9s \u00e0 nos mentions l\u00e9gales. En vous connectant sur ce site, vous acceptez sans r\u00e9serve les pr\u00e9sentes modalit\u00e9s et conditions d\u2019utilisation. Les responsables du pr\u00e9sent site internet sosaero.com sont : Adresse : 44, Rue des h\u00f4pitaux, Quartier des h\u00f4pitaux 20360 Casablanca, MarocT\u00e9l\u00e9phone : 05 22 20 20 [&hellip;]<\/p>","protected":false},"author":1,"featured_media":0,"parent":0,"menu_order":0,"comment_status":"closed","ping_status":"closed","template":"","meta":{"inline_featured_image":false,"footnotes":""},"class_list":["post-866","page","type-page","status-publish","hentry"],"_links":{"self":[{"href":"https:\/\/sosaero.com\/de\/wp-json\/wp\/v2\/pages\/866","targetHints":{"allow":["GET"]}}],"collection":[{"href":"https:\/\/sosaero.com\/de\/wp-json\/wp\/v2\/pages"}],"about":[{"href":"https:\/\/sosaero.com\/de\/wp-json\/wp\/v2\/types\/page"}],"author":[{"embeddable":true,"href":"https:\/\/sosaero.com\/de\/wp-json\/wp\/v2\/users\/1"}],"replies":[{"embeddable":true,"href":"https:\/\/sosaero.com\/de\/wp-json\/wp\/v2\/comments?post=866"}],"version-history":[{"count":2,"href":"https:\/\/sosaero.com\/de\/wp-json\/wp\/v2\/pages\/866\/revisions"}],"predecessor-version":[{"id":874,"href":"https:\/\/sosaero.com\/de\/wp-json\/wp\/v2\/pages\/866\/revisions\/874"}],"wp:attachment":[{"href":"https:\/\/sosaero.com\/de\/wp-json\/wp\/v2\/media?parent=866"}],"curies":[{"name":"wp","href":"https:\/\/api.w.org\/{rel}","templated":true}]}}