{"id":866,"date":"2024-04-21T14:07:43","date_gmt":"2024-04-21T14:07:43","guid":{"rendered":"https:\/\/sosaero.com\/?page_id=866"},"modified":"2024-04-21T18:32:23","modified_gmt":"2024-04-21T18:32:23","slug":"mentions-legales","status":"publish","type":"page","link":"https:\/\/sosaero.com\/es\/avisos-legales\/","title":{"rendered":"Aviso legal"},"content":{"rendered":"<p>Obtenga m\u00e1s informaci\u00f3n sobre nuestros t\u00e9rminos y condiciones relacionados con nuestros avisos legales.<\/p>\n\n\n\n<p>Al acceder a este sitio, usted acepta incondicionalmente estos t\u00e9rminos y condiciones de uso. Los administradores de este sitio web, sosaero.com, son:<\/p>\n\n\n\n<p><br><strong>DIRECCI\u00d3N :<\/strong> 44, Rue des h\u00f4pitaux, Quartier des h\u00f4pitaux 20360 Casablanca, Marruecos<br><strong>Tel\u00e9fono :<\/strong> 05 22 20 20 20<br><strong>Correo electr\u00f3nico:<\/strong> contact@sosaero.com<br><strong>Sitio web: <\/strong>sosaero.com<\/p>\n\n\n\n<p><strong>Proveedor de alojamiento:<\/strong> HOSTINGER<br><strong>DIRECCI\u00d3N :<\/strong> Calle \u0160vitrigailos. 34, Vilna 03230 Lituania<br><strong>Sitio web:<\/strong> www.hostinger.com<\/p>\n\n\n\n<p>Para una experiencia de usuario \u00f3ptima, recomendamos utilizar navegadores modernos como Google Chrome, Firefox, Microsoft Edge, etc.<\/p>\n\n\n\n<p>El Ministerio de Industria, Comercio y Econom\u00eda Verde y Digital se esfuerza por garantizar la fiabilidad y exactitud de la informaci\u00f3n en sus sitios web. Sin embargo, pueden producirse errores u omisiones. Por lo tanto, se recomienda a los usuarios verificar la exactitud de la informaci\u00f3n con la Divisi\u00f3n de Comunicaciones del Ministerio e informar sobre cualquier cambio que consideren necesario en el sitio web.<\/p>\n\n\n\n<p>No nos hacemos responsables en modo alguno del uso que se haga de esta informaci\u00f3n, ni de los da\u00f1os directos o indirectos que puedan derivarse de ella.<\/p>\n\n\n\n<p>Los sitios web pueden contener enlaces a otros sitios web o recursos disponibles en internet. El Ministerio de Industria, Comercio y Econom\u00eda Verde y Digital no tiene control sobre los sitios web enlazados desde el suyo. El Ministerio no se responsabiliza ni garantiza la disponibilidad de dichos sitios y recursos externos. El Ministerio no se hace responsable de ning\u00fan da\u00f1o de cualquier tipo que resulte del contenido de estos sitios o recursos externos, incluyendo, en particular, la informaci\u00f3n, los productos o los servicios que ofrecen, ni del uso que se haga de ellos. Los riesgos asociados a dicho uso son responsabilidad exclusiva del usuario, quien debe cumplir con sus t\u00e9rminos de uso.<\/p>\n\n\n\n<p>Los usuarios, suscriptores y visitantes de los sitios web no podr\u00e1n crear un hiperv\u00ednculo a este sitio sin la autorizaci\u00f3n previa y expresa del Ministerio de Industria, Comercio y Econom\u00eda Verde y Digital.<\/p>\n\n\n\n<p>Si un usuario o visitante desea crear un enlace a uno de los sitios web del Ministerio de Industria, Comercio y Econom\u00eda Verde y Digital, deber\u00e1 enviar un correo electr\u00f3nico a la direcci\u00f3n indicada en el sitio web para solicitar autorizaci\u00f3n. El Ministerio de Industria, Comercio y Econom\u00eda Verde y Digital se reserva el derecho de aceptar o rechazar cualquier solicitud de enlace sin necesidad de justificar su decisi\u00f3n.<\/p>\n\n\n\n<h3 class=\"wp-block-heading\"><strong>Limitaciones contractuales sobre los datos:<\/strong><\/h3>\n\n\n\n<p>La informaci\u00f3n de este sitio web es lo m\u00e1s precisa posible y se actualiza peri\u00f3dicamente a lo largo del a\u00f1o, pero a\u00fan as\u00ed puede contener imprecisiones u omisiones. Si detecta alg\u00fan error, omisi\u00f3n o lo que parezca ser un mal funcionamiento, inf\u00f3rmenos por correo electr\u00f3nico a contact@sosaero.com, describiendo el problema con la mayor precisi\u00f3n posible (p\u00e1gina en cuesti\u00f3n, tipo de ordenador y navegador utilizados, etc.).<\/p>\n\n\n\n<p>El usuario descarga todo el contenido bajo su propia responsabilidad. Por lo tanto, el sitio no se hace responsable de los da\u00f1os que pueda sufrir su ordenador ni de la p\u00e9rdida de datos que pudiera producirse durante la descarga. Asimismo, el usuario se compromete a acceder al sitio utilizando un equipo actualizado, libre de virus y con un navegador web vigente.<\/p>\n\n\n\n<p>Los enlaces de hipertexto establecidos en el marco de este sitio web a otros recursos presentes en la red de Internet no implican responsabilidad alguna para el Ministerio de Industria, Comercio y Econom\u00eda Verde y Digital.<\/p>\n\n\n\n<p>Todo el contenido del sitio web mcinet.gov.ma, incluidos, entre otros, gr\u00e1ficos, im\u00e1genes, textos, v\u00eddeos, animaciones, audio, logotipos, gifs e iconos, as\u00ed como su formato, son propiedad exclusiva del Ministerio, con excepci\u00f3n de las marcas comerciales, logotipos, fotos, elementos gr\u00e1ficos o contenido pertenecientes a otros socios o autores.<\/p>\n\n\n\n<p>Queda estrictamente prohibida la reproducci\u00f3n, distribuci\u00f3n, modificaci\u00f3n, adaptaci\u00f3n, retransmisi\u00f3n o publicaci\u00f3n, incluso parcial, de estos elementos sin el consentimiento expreso y por escrito del Ministerio de Industria, Comercio y Econom\u00eda Verde y Digital. Dicha representaci\u00f3n o reproducci\u00f3n, por cualquier medio, constituye una infracci\u00f3n de los derechos de autor, sancionable conforme a la legislaci\u00f3n vigente. El incumplimiento de esta prohibici\u00f3n constituye una infracci\u00f3n de los derechos de autor y puede acarrear sanciones civiles y penales para el infractor.<\/p>\n\n\n\n<p>De conformidad con la legislaci\u00f3n vigente, este sitio ha sido declarado ante el Centro Marroqu\u00ed de Alerta y Gesti\u00f3n de Incidentes Inform\u00e1ticos.<\/p>\n\n\n\n<p><strong>Estos avisos legales se rigen por la legislaci\u00f3n marroqu\u00ed.<\/strong><\/p>\n\n\n\n<p>Por lo general, puede visitar el sitio web sosaero.com sin proporcionar ning\u00fan dato personal. Sin embargo, para poder atender mejor sus necesidades, el Ministerio de Industria, Comercio y Econom\u00eda Verde y Digital podr\u00eda solicitarle que proporcione datos personales, por ejemplo, para comunicarse con ellos o para procesar una solicitud de reserva.<\/p>\n\n\n\n<p>Esto puede incluir, en particular, sus datos de contacto (nombre, direcci\u00f3n, n\u00famero de tel\u00e9fono, direcci\u00f3n de correo electr\u00f3nico, etc.).<\/p>\n\n\n\n<p>La informaci\u00f3n recopilada en el sitio web sosaero.com se recopila exclusivamente para uso interno.<\/p>\n\n\n\n<p>Los destinatarios de sus datos personales se limitan exclusivamente a aquellos autorizados a conocer sus datos en virtud de sus funciones.<\/p>\n\n\n\n<p>El Ministerio de Industria, Comercio y Econom\u00eda Verde y Digital podr\u00e1 compartir sus datos personales con terceros autorizados que utilice para procesar su solicitud. Dichos terceros est\u00e1n obligados contractualmente a respetar la confidencialidad y la seguridad de los datos que reciben y a utilizarlos \u00fanicamente para los fines de la tarea que se les ha encomendado.<\/p>\n\n\n\n<p>De conformidad con la Ley N\u00b0 09-08 promulgada por Dahir el 15 de septiembre de 2009, relativa a la protecci\u00f3n de las personas f\u00edsicas en lo que respecta al tratamiento de datos personales, usted tiene derecho a acceder y rectificar la informaci\u00f3n que le concierne. Para ejercer estos derechos, p\u00f3ngase en contacto con:<\/p>\n\n\n\n<p><br><strong>DIRECCI\u00d3N :<\/strong> 44, Rue des h\u00f4pitaux, Quartier des h\u00f4pitaux 20360 Casablanca, Marruecos<br><strong>Tel\u00e9fono :<\/strong> 05 22 20 20 20<br><strong>Correo electr\u00f3nico:<\/strong> contact@sosaero.com<br><strong>Sitio web: <\/strong>sosaero.com<\/p>\n\n\n\n<p>Asimismo, usted podr\u00e1 oponerse, por motivos leg\u00edtimos, al tratamiento de sus datos personales.<\/p>\n\n\n\n<p>Las cookies, que se utilizan para recopilar informaci\u00f3n en su ordenador, ayudan a optimizar su conexi\u00f3n y a personalizar su experiencia en el sitio web. Rechazar las cookies puede impedirle acceder a ciertas funciones del sitio. Sin embargo, puede configurar los ajustes de su navegador para rechazarlas.<\/p>\n\n\n\n<p>Algunos formularios del sitio web son opcionales. Puede optar por no completarlos. Otros formularios deben completarse para que podamos procesar su solicitud.<\/p>\n\n\n\n<p>De conformidad con la Ley 08-09 del 18 de febrero de 2009, relativa a la protecci\u00f3n de las personas f\u00edsicas en lo que respecta al tratamiento de datos personales, usted tiene derecho a acceder a sus datos y rectificarlos, derecho que puede ejercer escribi\u00e9ndonos a:<\/p>\n\n\n\n<p><br><strong>DIRECCI\u00d3N :<\/strong> 44, Rue des h\u00f4pitaux, Quartier des h\u00f4pitaux 20360 Casablanca, Marruecos<br><strong>Tel\u00e9fono :<\/strong> 05 22 20 20 20<br><strong>Correo electr\u00f3nico:<\/strong> contact@sosaero.com<br><strong>Sitio web: <\/strong>sosaero.com<\/p>","protected":false},"excerpt":{"rendered":"<p>En savoir plus sur nos conditions et accords li\u00e9s \u00e0 nos mentions l\u00e9gales. En vous connectant sur ce site, vous acceptez sans r\u00e9serve les pr\u00e9sentes modalit\u00e9s et conditions d\u2019utilisation. Les responsables du pr\u00e9sent site internet sosaero.com sont : Adresse : 44, Rue des h\u00f4pitaux, Quartier des h\u00f4pitaux 20360 Casablanca, MarocT\u00e9l\u00e9phone : 05 22 20 20 [&hellip;]<\/p>","protected":false},"author":1,"featured_media":0,"parent":0,"menu_order":0,"comment_status":"closed","ping_status":"closed","template":"","meta":{"inline_featured_image":false,"footnotes":""},"class_list":["post-866","page","type-page","status-publish","hentry"],"_links":{"self":[{"href":"https:\/\/sosaero.com\/es\/wp-json\/wp\/v2\/pages\/866","targetHints":{"allow":["GET"]}}],"collection":[{"href":"https:\/\/sosaero.com\/es\/wp-json\/wp\/v2\/pages"}],"about":[{"href":"https:\/\/sosaero.com\/es\/wp-json\/wp\/v2\/types\/page"}],"author":[{"embeddable":true,"href":"https:\/\/sosaero.com\/es\/wp-json\/wp\/v2\/users\/1"}],"replies":[{"embeddable":true,"href":"https:\/\/sosaero.com\/es\/wp-json\/wp\/v2\/comments?post=866"}],"version-history":[{"count":2,"href":"https:\/\/sosaero.com\/es\/wp-json\/wp\/v2\/pages\/866\/revisions"}],"predecessor-version":[{"id":874,"href":"https:\/\/sosaero.com\/es\/wp-json\/wp\/v2\/pages\/866\/revisions\/874"}],"wp:attachment":[{"href":"https:\/\/sosaero.com\/es\/wp-json\/wp\/v2\/media?parent=866"}],"curies":[{"name":"wp","href":"https:\/\/api.w.org\/{rel}","templated":true}]}}