{"id":866,"date":"2024-04-21T14:07:43","date_gmt":"2024-04-21T14:07:43","guid":{"rendered":"https:\/\/sosaero.com\/?page_id=866"},"modified":"2024-04-21T18:32:23","modified_gmt":"2024-04-21T18:32:23","slug":"mentions-legales","status":"publish","type":"page","link":"https:\/\/sosaero.com\/zh\/\u6cd5\u5f8b\u58f0\u660e\/","title":{"rendered":"\u6cd5\u5f8b\u58f0\u660e"},"content":{"rendered":"<p>\u4e86\u89e3\u66f4\u591a\u5173\u4e8e\u6211\u4eec\u6cd5\u5f8b\u58f0\u660e\u4e2d\u7684\u6761\u6b3e\u548c\u534f\u8bae\u7684\u4fe1\u606f\u3002<\/p>\n\n\n\n<p>\u8bbf\u95ee\u672c\u7f51\u7ad9\u5373\u8868\u793a\u60a8\u65e0\u6761\u4ef6\u63a5\u53d7\u8fd9\u4e9b\u4f7f\u7528\u6761\u6b3e\u548c\u6761\u4ef6\u3002\u672c\u7f51\u7ad9 sosaero.com \u7684\u7ba1\u7406\u5458\u662f\uff1a<\/p>\n\n\n\n<p><br><strong>\u5730\u5740 \uff1a<\/strong> 44, Rue des h\u00f4pitaux, Quartier des h\u00f4pitaux 20360 \u5361\u8428\u5e03\u5170\u5361, \u6469\u6d1b\u54e5<br><strong>\u7535\u8bdd \uff1a<\/strong> 05 22 20 20 20<br><strong>\u7535\u5b50\u90ae\u4ef6\uff1a<\/strong> contact@sosaero.com<br><strong>\u7f51\u7ad9\uff1a <\/strong>sosaero.com<\/p>\n\n\n\n<p><strong>\u4e3b\u673a\u63d0\u4f9b\u5546\uff1a<\/strong> \u4e3b\u673a<br><strong>\u5730\u5740 \uff1a<\/strong> \u65af\u7ef4\u7279\u91cc\u76d6\u6d1b\u65af\u6d77\u5ce134\u3001\u7ef4\u5c14\u7ebd\u65af 03230 \u7acb\u9676\u5b9b<br><strong>\u7f51\u7ad9\uff1a<\/strong> www.hostinger.com<\/p>\n\n\n\n<p>\u4e3a\u4e86\u83b7\u5f97\u6700\u4f73\u7528\u6237\u4f53\u9a8c\uff0c\u6211\u4eec\u5efa\u8bae\u4f7f\u7528\u73b0\u4ee3\u6d4f\u89c8\u5668\uff0c\u4f8b\u5982\u8c37\u6b4c\u6d4f\u89c8\u5668\u3001\u706b\u72d0\u6d4f\u89c8\u5668\u3001\u5fae\u8f6fEdge\u6d4f\u89c8\u5668\u7b49\u3002<\/p>\n\n\n\n<p>\u5de5\u4e1a\u3001\u8d38\u6613\u3001\u7eff\u8272\u548c\u6570\u5b57\u7ecf\u6d4e\u90e8\u7aed\u529b\u786e\u4fdd\u5176\u7f51\u7ad9\u4fe1\u606f\u7684\u53ef\u9760\u6027\u548c\u51c6\u786e\u6027\u3002\u7136\u800c\uff0c\u9519\u8bef\u6216\u9057\u6f0f\u5728\u6240\u96be\u514d\u3002\u56e0\u6b64\uff0c\u7528\u6237\u5e94\u5411\u8be5\u90e8\u65b0\u95fb\u5904\u6838\u5b9e\u4fe1\u606f\u7684\u51c6\u786e\u6027\uff0c\u5e76\u62a5\u544a\u4efb\u4f55\u4ed6\u4eec\u8ba4\u4e3a\u5fc5\u8981\u7684\u7f51\u7ad9\u53d8\u66f4\u3002<\/p>\n\n\n\n<p>\u5bf9\u4e8e\u4f7f\u7528\u6b64\u4fe1\u606f\u6240\u9020\u6210\u7684\u4efb\u4f55\u76f4\u63a5\u6216\u95f4\u63a5\u635f\u5931\uff0c\u6211\u4eec\u6982\u4e0d\u8d1f\u8d23\u3002<\/p>\n\n\n\n<p>\u8fd9\u4e9b\u7f51\u7ad9\u53ef\u80fd\u63d0\u4f9b\u6307\u5411\u5176\u4ed6\u7f51\u7ad9\u6216\u4e92\u8054\u7f51\u8d44\u6e90\u7684\u94fe\u63a5\u3002\u5de5\u4e1a\u3001\u8d38\u6613\u3001\u7eff\u8272\u548c\u6570\u5b57\u7ecf\u6d4e\u90e8\u65e0\u6cd5\u63a7\u5236\u4e0e\u5176\u94fe\u63a5\u7684\u7f51\u7ad9\u3002\u5de5\u4e1a\u3001\u8d38\u6613\u3001\u7eff\u8272\u548c\u6570\u5b57\u7ecf\u6d4e\u90e8\u4e0d\u5bf9\u8fd9\u4e9b\u5916\u90e8\u7f51\u7ad9\u548c\u8d44\u6e90\u7684\u53ef\u7528\u6027\u8d1f\u8d23\uff0c\u4e5f\u4e0d\u4f5c\u4efb\u4f55\u4fdd\u8bc1\u3002\u5bf9\u4e8e\u56e0\u8fd9\u4e9b\u5916\u90e8\u7f51\u7ad9\u6216\u8d44\u6e90\u7684\u5185\u5bb9\uff08\u5c24\u5176\u5305\u62ec\u5176\u63d0\u4f9b\u7684\u4fe1\u606f\u3001\u4ea7\u54c1\u6216\u670d\u52a1\uff0c\u4ee5\u53ca\u5bf9\u8fd9\u4e9b\u5185\u5bb9\u7684\u4efb\u4f55\u4f7f\u7528\uff09\u800c\u9020\u6210\u7684\u4efb\u4f55\u7c7b\u578b\u7684\u635f\u5bb3\uff0c\u5de5\u4e1a\u3001\u8d38\u6613\u3001\u7eff\u8272\u548c\u6570\u5b57\u7ecf\u6d4e\u90e8\u6982\u4e0d\u627f\u62c5\u8d23\u4efb\u3002\u4f7f\u7528\u6b64\u7c7b\u7f51\u7ad9\u6216\u8d44\u6e90\u6240\u5e26\u6765\u7684\u98ce\u9669\u5b8c\u5168\u7531\u7528\u6237\u81ea\u884c\u627f\u62c5\uff0c\u7528\u6237\u5fc5\u987b\u9075\u5b88\u5176\u4f7f\u7528\u6761\u6b3e\u3002<\/p>\n\n\n\n<p>\u672a\u7ecf\u5de5\u4e1a\u3001\u8d38\u6613\u548c\u7eff\u8272\u6570\u5b57\u7ecf\u6d4e\u90e8\u4e8b\u5148\u660e\u786e\u6388\u6743\uff0c\u7f51\u7ad9\u7528\u6237\u3001\u8ba2\u9605\u8005\u548c\u8bbf\u5ba2\u4e0d\u5f97\u8bbe\u7f6e\u6307\u5411\u672c\u7f51\u7ad9\u7684\u8d85\u94fe\u63a5\u3002<\/p>\n\n\n\n<p>\u5982\u679c\u7528\u6237\u6216\u8bbf\u5ba2\u5e0c\u671b\u521b\u5efa\u6307\u5411\u5de5\u4e1a\u3001\u8d38\u6613\u3001\u7eff\u8272\u548c\u6570\u5b57\u7ecf\u6d4e\u90e8\u7f51\u7ad9\u7684\u8d85\u94fe\u63a5\uff0c\u5219\u5fc5\u987b\u5411\u7f51\u7ad9\u4e0a\u63d0\u4f9b\u7684\u5730\u5740\u53d1\u9001\u7535\u5b50\u90ae\u4ef6\u7533\u8bf7\u8bb8\u53ef\u3002\u5de5\u4e1a\u3001\u8d38\u6613\u3001\u7eff\u8272\u548c\u6570\u5b57\u7ecf\u6d4e\u90e8\u4fdd\u7559\u63a5\u53d7\u6216\u62d2\u7edd\u4efb\u4f55\u8d85\u94fe\u63a5\u7533\u8bf7\u7684\u6743\u5229\uff0c\u4e14\u65e0\u9700\u8bf4\u660e\u7406\u7531\u3002<\/p>\n\n\n\n<h3 class=\"wp-block-heading\"><strong>\u6570\u636e\u65b9\u9762\u7684\u5408\u540c\u9650\u5236\uff1a<\/strong><\/h3>\n\n\n\n<p>\u672c\u7f51\u7ad9\u4fe1\u606f\u529b\u6c42\u51c6\u786e\uff0c\u5e76\u5168\u5e74\u4e0d\u5b9a\u671f\u66f4\u65b0\uff0c\u4f46\u4ecd\u53ef\u80fd\u5b58\u5728\u4e0d\u51c6\u786e\u6216\u9057\u6f0f\u4e4b\u5904\u3002\u5982\u679c\u60a8\u53d1\u73b0\u4efb\u4f55\u9519\u8bef\u3001\u9057\u6f0f\u6216\u7591\u4f3c\u6545\u969c\uff0c\u8bf7\u53d1\u9001\u7535\u5b50\u90ae\u4ef6\u81f3 contact@sosaero.com \u8fdb\u884c\u62a5\u544a\uff0c\u5e76\u5c3d\u53ef\u80fd\u8be6\u7ec6\u5730\u63cf\u8ff0\u95ee\u9898\uff08\u4f8b\u5982\uff1a\u76f8\u5173\u9875\u9762\u3001\u4f7f\u7528\u7684\u8ba1\u7b97\u673a\u7c7b\u578b\u548c\u6d4f\u89c8\u5668\u7b49\uff09\u3002<\/p>\n\n\n\n<p>\u6240\u6709\u4e0b\u8f7d\u5185\u5bb9\u5747\u7531\u7528\u6237\u81ea\u884c\u627f\u62c5\u98ce\u9669\u548c\u8d23\u4efb\u3002\u56e0\u6b64\uff0c\u672c\u7f51\u7ad9\u4e0d\u5bf9\u56e0\u4e0b\u8f7d\u800c\u5bfc\u81f4\u7684\u7528\u6237\u8ba1\u7b97\u673a\u635f\u574f\u6216\u6570\u636e\u4e22\u5931\u627f\u62c5\u4efb\u4f55\u8d23\u4efb\u3002\u6b64\u5916\uff0c\u7528\u6237\u540c\u610f\u4f7f\u7528\u6700\u65b0\u3001\u65e0\u75c5\u6bd2\u4e14\u6d4f\u89c8\u5668\u7248\u672c\u6700\u65b0\u7684\u8bbe\u5907\u8bbf\u95ee\u672c\u7f51\u7ad9\u3002<\/p>\n\n\n\n<p>\u672c\u7f51\u7ad9\u6846\u67b6\u5185\u8bbe\u7f6e\u7684\u6307\u5411\u4e92\u8054\u7f51\u4e0a\u5176\u4ed6\u8d44\u6e90\u7684\u8d85\u6587\u672c\u94fe\u63a5\uff0c\u4e0d\u5c5e\u4e8e\u5de5\u4e1a\u3001\u8d38\u6613\u3001\u7eff\u8272\u548c\u6570\u5b57\u7ecf\u6d4e\u90e8\u7684\u8d23\u4efb\u8303\u56f4\u3002<\/p>\n\n\n\n<p>mcinet.gov.ma \u7f51\u7ad9\u4e0a\u7684\u6240\u6709\u5185\u5bb9\uff0c\u5305\u62ec\u4f46\u4e0d\u9650\u4e8e\u56fe\u5f62\u3001\u56fe\u50cf\u3001\u6587\u672c\u3001\u89c6\u9891\u3001\u52a8\u753b\u3001\u97f3\u9891\u3001\u5fbd\u6807\u3001GIF \u548c\u56fe\u6807\u53ca\u5176\u683c\u5f0f\uff0c\u5747\u4e3a\u8be5\u90e8\u4e13\u5c5e\u8d22\u4ea7\uff0c\u4f46\u5c5e\u4e8e\u5176\u4ed6\u5408\u4f5c\u4f19\u4f34\u6216\u4f5c\u8005\u7684\u5546\u6807\u3001\u5fbd\u6807\u3001\u7167\u7247\u3001\u56fe\u5f62\u5143\u7d20\u6216\u5185\u5bb9\u9664\u5916\u3002<\/p>\n\n\n\n<p>\u672a\u7ecf\u5de5\u4e1a\u3001\u8d38\u6613\u3001\u7eff\u8272\u548c\u6570\u5b57\u7ecf\u6d4e\u90e8\u660e\u786e\u4e66\u9762\u8bb8\u53ef\uff0c\u4e25\u7981\u4ee5\u4efb\u4f55\u65b9\u5f0f\u590d\u5236\u3001\u5206\u53d1\u3001\u4fee\u6539\u3001\u6539\u7f16\u3001\u8f6c\u53d1\u6216\u51fa\u7248\uff08\u5305\u62ec\u90e8\u5206\u5185\u5bb9\uff09\u3002\u4efb\u4f55\u5f62\u5f0f\u7684\u6b64\u7c7b\u5c55\u793a\u6216\u590d\u5236\u5747\u6784\u6210\u4fb5\u72af\u7248\u6743\uff0c\u5c06\u4f9d\u6cd5\u53d7\u5230\u5904\u7f5a\u3002\u8fdd\u53cd\u6b64\u9879\u7981\u4ee4\u4ea6\u6784\u6210\u4fb5\u72af\u7248\u6743\uff0c\u4fb5\u6743\u8005\u53ef\u80fd\u9762\u4e34\u6c11\u4e8b\u548c\u5211\u4e8b\u5904\u7f5a\u3002<\/p>\n\n\n\n<p>\u6839\u636e\u73b0\u884c\u6cd5\u5f8b\uff0c\u672c\u7f51\u7ad9\u5df2\u5411\u6469\u6d1b\u54e5\u8ba1\u7b97\u673a\u4e8b\u4ef6\u8b66\u62a5\u548c\u7ba1\u7406\u4e2d\u5fc3\u7533\u62a5\u3002<\/p>\n\n\n\n<p><strong>\u8fd9\u4e9b\u6cd5\u5f8b\u58f0\u660e\u53d7\u6469\u6d1b\u54e5\u6cd5\u5f8b\u7ba1\u8f96\u3002<\/strong><\/p>\n\n\n\n<p>\u901a\u5e38\u60c5\u51b5\u4e0b\uff0c\u60a8\u65e0\u9700\u63d0\u4f9b\u4efb\u4f55\u4e2a\u4eba\u4fe1\u606f\u5373\u53ef\u8bbf\u95ee sosaero.com \u7f51\u7ad9\u3002\u4f46\u662f\uff0c\u4e3a\u4e86\u66f4\u597d\u5730\u6ee1\u8db3\u60a8\u7684\u9700\u6c42\uff0c\u5de5\u4e1a\u3001\u8d38\u6613\u3001\u7eff\u8272\u548c\u6570\u5b57\u7ecf\u6d4e\u90e8\u53ef\u80fd\u4f1a\u8981\u6c42\u60a8\u63d0\u4f9b\u4e2a\u4eba\u4fe1\u606f\uff0c\u4f8b\u5982\uff0c\u4ee5\u4fbf\u4e0e\u4ed6\u4eec\u8054\u7cfb\u6216\u5904\u7406\u9884\u8ba2\u8bf7\u6c42\u3002<\/p>\n\n\n\n<p>\u8fd9\u5c24\u5176\u53ef\u80fd\u5305\u62ec\u60a8\u7684\u8054\u7cfb\u65b9\u5f0f\uff08\u59d3\u540d\u3001\u5730\u5740\u3001\u7535\u8bdd\u53f7\u7801\u3001\u7535\u5b50\u90ae\u4ef6\u5730\u5740\u7b49\uff09\u3002<\/p>\n\n\n\n<p>sosaero.com \u7f51\u7ad9\u4e0a\u6536\u96c6\u7684\u4fe1\u606f\u4ec5\u4f9b\u5185\u90e8\u4f7f\u7528\u3002<\/p>\n\n\n\n<p>\u60a8\u7684\u4e2a\u4eba\u6570\u636e\u63a5\u6536\u8005\u4ec5\u9650\u4e8e\u56e0\u5176\u804c\u8d23\u9700\u8981\u800c\u88ab\u6388\u6743\u77e5\u6089\u60a8\u7684\u6570\u636e\u7684\u4eba\u5458\u3002<\/p>\n\n\n\n<p>\u5de5\u4e1a\u3001\u8d38\u6613\u3001\u7eff\u8272\u548c\u6570\u5b57\u7ecf\u6d4e\u90e8\u53ef\u80fd\u4f1a\u5c06\u60a8\u7684\u4e2a\u4eba\u6570\u636e\u5206\u4eab\u7ed9\u5176\u6388\u6743\u7684\u7b2c\u4e09\u65b9\uff0c\u4ee5\u4fbf\u5904\u7406\u60a8\u7684\u8bf7\u6c42\u3002\u8fd9\u4e9b\u7b2c\u4e09\u65b9\u6709\u4e49\u52a1\u6839\u636e\u5408\u540c\u5c0a\u91cd\u5176\u6240\u63a5\u6536\u6570\u636e\u7684\u4fdd\u5bc6\u6027\u548c\u5b89\u5168\u6027\uff0c\u5e76\u4ec5\u5c06\u5176\u7528\u4e8e\u5176\u53d7\u6258\u4efb\u52a1\u7684\u7528\u9014\u3002<\/p>\n\n\n\n<p>\u6839\u636e2009\u5e742\u670818\u65e5\u8fbe\u5e0c\u5c141-09-15\u9881\u5e03\u7684\u7b2c09-08\u53f7\u6cd5\u5f8b\uff08\u5173\u4e8e\u4e2a\u4eba\u6570\u636e\u5904\u7406\u4e2d\u4e2a\u4eba\u4fdd\u62a4\uff09\uff0c\u60a8\u6709\u6743\u8bbf\u95ee\u548c\u66f4\u6b63\u4e0e\u60a8\u76f8\u5173\u7684\u4fe1\u606f\u3002\u5982\u9700\u884c\u4f7f\u8fd9\u4e9b\u6743\u5229\uff0c\u8bf7\u8054\u7cfb\uff1a<\/p>\n\n\n\n<p><br><strong>\u5730\u5740 \uff1a<\/strong> 44, Rue des h\u00f4pitaux, Quartier des h\u00f4pitaux 20360 \u5361\u8428\u5e03\u5170\u5361, \u6469\u6d1b\u54e5<br><strong>\u7535\u8bdd \uff1a<\/strong> 05 22 20 20 20<br><strong>\u7535\u5b50\u90ae\u4ef6\uff1a<\/strong> contact@sosaero.com<br><strong>\u7f51\u7ad9\uff1a <\/strong>sosaero.com<\/p>\n\n\n\n<p>\u60a8\u4e5f\u53ef\u4ee5\u51fa\u4e8e\u6b63\u5f53\u7406\u7531\u53cd\u5bf9\u5904\u7406\u4e0e\u60a8\u76f8\u5173\u7684\u6570\u636e\u3002<\/p>\n\n\n\n<p>\u6211\u4eec\u4f7f\u7528 Cookie \u6765\u6536\u96c6\u60a8\u8ba1\u7b97\u673a\u4e0a\u7684\u4fe1\u606f\uff0c\u4ee5\u5e2e\u52a9\u4f18\u5316\u60a8\u7684\u8fde\u63a5\u5e76\u4e2a\u6027\u5316\u60a8\u7684\u7f51\u7ad9\u4f7f\u7528\u4f53\u9a8c\u3002\u62d2\u7edd Cookie \u53ef\u80fd\u4f1a\u5bfc\u81f4\u60a8\u65e0\u6cd5\u8bbf\u95ee\u67d0\u4e9b\u7f51\u7ad9\u529f\u80fd\u3002\u4f46\u662f\uff0c\u60a8\u53ef\u4ee5\u914d\u7f6e\u6d4f\u89c8\u5668\u8bbe\u7f6e\u6765\u62d2\u7edd Cookie\u3002<\/p>\n\n\n\n<p>\u7f51\u7ad9\u4e0a\u7684\u90e8\u5206\u8868\u683c\u4e3a\u9009\u586b\u9879\uff0c\u60a8\u53ef\u4ee5\u9009\u62e9\u4e0d\u586b\u5199\u3002\u5176\u4ed6\u8868\u683c\u5219\u5fc5\u987b\u586b\u5199\uff0c\u6211\u4eec\u624d\u80fd\u5904\u7406\u60a8\u7684\u7533\u8bf7\u3002<\/p>\n\n\n\n<p>\u6839\u636e2009\u5e742\u670818\u65e5\u7b2c08-09\u53f7\u6cd5\u5f8b\uff08\u5173\u4e8e\u4e2a\u4eba\u6570\u636e\u5904\u7406\u4e2d\u4e2a\u4eba\u4fdd\u62a4\u7684\u6cd5\u5f8b\uff09\uff0c\u60a8\u6709\u6743\u8bbf\u95ee\u548c\u66f4\u6b63\u60a8\u7684\u6570\u636e\uff0c\u60a8\u53ef\u4ee5\u901a\u8fc7\u4ee5\u4e0b\u65b9\u5f0f\u884c\u4f7f\u8be5\u6743\u5229\uff1a<\/p>\n\n\n\n<p><br><strong>\u5730\u5740 \uff1a<\/strong> 44, Rue des h\u00f4pitaux, Quartier des h\u00f4pitaux 20360 \u5361\u8428\u5e03\u5170\u5361, \u6469\u6d1b\u54e5<br><strong>\u7535\u8bdd \uff1a<\/strong> 05 22 20 20 20<br><strong>\u7535\u5b50\u90ae\u4ef6\uff1a<\/strong> contact@sosaero.com<br><strong>\u7f51\u7ad9\uff1a <\/strong>sosaero.com<\/p>","protected":false},"excerpt":{"rendered":"<p>En savoir plus sur nos conditions et accords li\u00e9s \u00e0 nos mentions l\u00e9gales. En vous connectant sur ce site, vous acceptez sans r\u00e9serve les pr\u00e9sentes modalit\u00e9s et conditions d\u2019utilisation. Les responsables du pr\u00e9sent site internet sosaero.com sont : Adresse : 44, Rue des h\u00f4pitaux, Quartier des h\u00f4pitaux 20360 Casablanca, MarocT\u00e9l\u00e9phone : 05 22 20 20 [&hellip;]<\/p>","protected":false},"author":1,"featured_media":0,"parent":0,"menu_order":0,"comment_status":"closed","ping_status":"closed","template":"","meta":{"inline_featured_image":false,"footnotes":""},"class_list":["post-866","page","type-page","status-publish","hentry"],"_links":{"self":[{"href":"https:\/\/sosaero.com\/zh\/wp-json\/wp\/v2\/pages\/866","targetHints":{"allow":["GET"]}}],"collection":[{"href":"https:\/\/sosaero.com\/zh\/wp-json\/wp\/v2\/pages"}],"about":[{"href":"https:\/\/sosaero.com\/zh\/wp-json\/wp\/v2\/types\/page"}],"author":[{"embeddable":true,"href":"https:\/\/sosaero.com\/zh\/wp-json\/wp\/v2\/users\/1"}],"replies":[{"embeddable":true,"href":"https:\/\/sosaero.com\/zh\/wp-json\/wp\/v2\/comments?post=866"}],"version-history":[{"count":2,"href":"https:\/\/sosaero.com\/zh\/wp-json\/wp\/v2\/pages\/866\/revisions"}],"predecessor-version":[{"id":874,"href":"https:\/\/sosaero.com\/zh\/wp-json\/wp\/v2\/pages\/866\/revisions\/874"}],"wp:attachment":[{"href":"https:\/\/sosaero.com\/zh\/wp-json\/wp\/v2\/media?parent=866"}],"curies":[{"name":"wp","href":"https:\/\/api.w.org\/{rel}","templated":true}]}}